{"id":203,"date":"2023-06-16T08:57:47","date_gmt":"2023-06-16T06:57:47","guid":{"rendered":"http:\/\/lind.home.pl\/autoinstalator\/wordpressplugins\/?post_type=product&#038;p=203"},"modified":"2023-06-16T09:08:08","modified_gmt":"2023-06-16T07:08:08","slug":"atlantic","status":"publish","type":"product","link":"https:\/\/lind.com.pl\/index.php\/produkt\/atlantic\/","title":{"rendered":"Atlantic"},"content":{"rendered":"<p>Atlantic to odmiana sadzeniaka o wczesnej dojrza\u0142o\u015bci. Swoje zastosowanie znajduje w przetw\u00f3rstwie chipsowym ze wzgl\u0119du na odpowiedni\u0105 zawarto\u015b\u0107 skrobi oraz dobry kolor po obr\u00f3bce termicznej.<\/p>\n<p>Bulwy kr\u00f3tkie, owalne do okr\u0105g\u0142ych. Mi\u0105\u017csz kremowy, jasna i \u015brednio g\u0142adka sk\u00f3rka o \u015brednio p\u0142ytkich oczkach.<\/p>\n<p>Uprawiany jest do przetwarzania bezpo\u015brednio z pola lub do kr\u00f3tkotrwa\u0142ego przechowywania.<\/p>\n<p>Odporny na m\u0105twika ziemniaczanego\u00a0<em>Globodera rostochiensis<\/em>\u00a0Ro1.<\/p>\n","protected":false},"excerpt":{"rendered":"<p>Atlantic to odmiana sadzeniaka o wczesnej dojrza\u0142o\u015bci.<\/p>\n<p>Umiarkowane plony i kr\u00f3tki okres spoczynku.<\/p>\n<p>Jeste\u015b zainteresowany zakupem sadzeniak\u00f3w ziemniaka tej odmiany? Skontaktuj si\u0119 z nami!<\/p>\n","protected":false},"featured_media":58,"comment_status":"closed","ping_status":"closed","template":"","meta":{"neve_meta_sidebar":"full-width","neve_meta_container":"","neve_meta_enable_content_width":"off","neve_meta_content_width":100,"neve_meta_title_alignment":"","neve_meta_author_avatar":"","neve_post_elements_order":"","neve_meta_disable_header":"","neve_meta_disable_footer":"","neve_meta_disable_title":""},"product_brand":[],"product_cat":[19],"product_tag":[36,34,27,23,24,29,35,25],"class_list":{"0":"post-203","1":"product","2":"type-product","3":"status-publish","4":"has-post-thumbnail","6":"product_cat-sadzeniaki","7":"product_tag-atlantic","8":"product_tag-kedrzyno","9":"product_tag-lind-polska","10":"product_tag-sadzeniaki","11":"product_tag-sadzeniaki-ziemniaka","12":"product_tag-seed-potatoes","13":"product_tag-zachodniopomorskie","14":"product_tag-ziemniaki","16":"first","17":"instock","18":"shipping-taxable","19":"product-type-simple"},"yoast_head":"<!-- This site is optimized with the Yoast SEO plugin v26.4 - https:\/\/yoast.com\/wordpress\/plugins\/seo\/ -->\n<title>Atlantic - Lind Sp\u00f3\u0142ka z o.o.<\/title>\n<meta name=\"description\" content=\"Atlantic to odmiana sadzeniaka o wczesnej dojrza\u0142o\u015bci. Swoje zastosowanie znajduje w przetw\u00f3rstwie chipsowym ze wzgl\u0119du na odpowiedni\u0105 zawarto\u015b\u0107 skrobi oraz dobry kolor po obr\u00f3bce termicznej.\" \/>\n<meta name=\"robots\" content=\"index, follow, max-snippet:-1, max-image-preview:large, max-video-preview:-1\" \/>\n<link rel=\"canonical\" href=\"https:\/\/lind.com.pl\/index.php\/produkt\/atlantic\/\" \/>\n<meta property=\"og:locale\" content=\"pl_PL\" \/>\n<meta property=\"og:type\" content=\"article\" \/>\n<meta property=\"og:title\" content=\"Atlantic - Lind Sp\u00f3\u0142ka z o.o.\" \/>\n<meta property=\"og:description\" content=\"Atlantic to odmiana sadzeniaka o wczesnej dojrza\u0142o\u015bci. Swoje zastosowanie znajduje w przetw\u00f3rstwie chipsowym ze wzgl\u0119du na odpowiedni\u0105 zawarto\u015b\u0107 skrobi oraz dobry kolor po obr\u00f3bce termicznej.\" \/>\n<meta property=\"og:url\" content=\"https:\/\/lind.com.pl\/index.php\/produkt\/atlantic\/\" \/>\n<meta property=\"og:site_name\" content=\"Lind Sp\u00f3\u0142ka z o.o.\" \/>\n<meta property=\"article:modified_time\" content=\"2023-06-16T07:08:08+00:00\" \/>\n<meta property=\"og:image\" content=\"https:\/\/lind.com.pl\/wp-content\/uploads\/2023\/05\/Atlantic-1024x768.png\" \/>\n\t<meta property=\"og:image:width\" content=\"1024\" \/>\n\t<meta property=\"og:image:height\" content=\"768\" \/>\n\t<meta property=\"og:image:type\" content=\"image\/png\" \/>\n<meta name=\"twitter:card\" content=\"summary_large_image\" \/>\n<meta name=\"twitter:label1\" content=\"Szacowany czas czytania\" \/>\n\t<meta name=\"twitter:data1\" content=\"1 minuta\" \/>\n<script type=\"application\/ld+json\" class=\"yoast-schema-graph\">{\"@context\":\"https:\/\/schema.org\",\"@graph\":[{\"@type\":\"WebPage\",\"@id\":\"https:\/\/lind.com.pl\/index.php\/produkt\/atlantic\/\",\"url\":\"https:\/\/lind.com.pl\/index.php\/produkt\/atlantic\/\",\"name\":\"Atlantic - Lind Sp\u00f3\u0142ka z o.o.\",\"isPartOf\":{\"@id\":\"https:\/\/lind.com.pl\/#website\"},\"primaryImageOfPage\":{\"@id\":\"https:\/\/lind.com.pl\/index.php\/produkt\/atlantic\/#primaryimage\"},\"image\":{\"@id\":\"https:\/\/lind.com.pl\/index.php\/produkt\/atlantic\/#primaryimage\"},\"thumbnailUrl\":\"https:\/\/lind.com.pl\/wp-content\/uploads\/2023\/05\/Atlantic.png\",\"datePublished\":\"2023-06-16T06:57:47+00:00\",\"dateModified\":\"2023-06-16T07:08:08+00:00\",\"description\":\"Atlantic to odmiana sadzeniaka o wczesnej dojrza\u0142o\u015bci. Swoje zastosowanie znajduje w przetw\u00f3rstwie chipsowym ze wzgl\u0119du na odpowiedni\u0105 zawarto\u015b\u0107 skrobi oraz dobry kolor po obr\u00f3bce termicznej.\",\"breadcrumb\":{\"@id\":\"https:\/\/lind.com.pl\/index.php\/produkt\/atlantic\/#breadcrumb\"},\"inLanguage\":\"pl-PL\",\"potentialAction\":[{\"@type\":\"ReadAction\",\"target\":[\"https:\/\/lind.com.pl\/index.php\/produkt\/atlantic\/\"]}]},{\"@type\":\"ImageObject\",\"inLanguage\":\"pl-PL\",\"@id\":\"https:\/\/lind.com.pl\/index.php\/produkt\/atlantic\/#primaryimage\",\"url\":\"https:\/\/lind.com.pl\/wp-content\/uploads\/2023\/05\/Atlantic.png\",\"contentUrl\":\"https:\/\/lind.com.pl\/wp-content\/uploads\/2023\/05\/Atlantic.png\",\"width\":2000,\"height\":1500,\"caption\":\"Atlantic sadzeniaki ziemniaka Lind K\u0119drzyno Polska zachodniopomorskie seed potatoes\"},{\"@type\":\"BreadcrumbList\",\"@id\":\"https:\/\/lind.com.pl\/index.php\/produkt\/atlantic\/#breadcrumb\",\"itemListElement\":[{\"@type\":\"ListItem\",\"position\":1,\"name\":\"Home\",\"item\":\"https:\/\/lind.com.pl\/\"},{\"@type\":\"ListItem\",\"position\":2,\"name\":\"Oferta\",\"item\":\"https:\/\/lind.com.pl\/index.php\/sklep\/\"},{\"@type\":\"ListItem\",\"position\":3,\"name\":\"Atlantic\"}]},{\"@type\":\"WebSite\",\"@id\":\"https:\/\/lind.com.pl\/#website\",\"url\":\"https:\/\/lind.com.pl\/\",\"name\":\"Lind Sp\u00f3\u0142ka z o.o.\",\"description\":\"Producent sadzeniak\u00f3w ziemniaka\",\"publisher\":{\"@id\":\"https:\/\/lind.com.pl\/#organization\"},\"potentialAction\":[{\"@type\":\"SearchAction\",\"target\":{\"@type\":\"EntryPoint\",\"urlTemplate\":\"https:\/\/lind.com.pl\/?s={search_term_string}\"},\"query-input\":{\"@type\":\"PropertyValueSpecification\",\"valueRequired\":true,\"valueName\":\"search_term_string\"}}],\"inLanguage\":\"pl-PL\"},{\"@type\":\"Organization\",\"@id\":\"https:\/\/lind.com.pl\/#organization\",\"name\":\"Lind Sp\u00f3\u0142ka z o.o.\",\"url\":\"https:\/\/lind.com.pl\/\",\"logo\":{\"@type\":\"ImageObject\",\"inLanguage\":\"pl-PL\",\"@id\":\"https:\/\/lind.com.pl\/#\/schema\/logo\/image\/\",\"url\":\"https:\/\/lind.com.pl\/wp-content\/uploads\/2023\/05\/sc-h-1010.png\",\"contentUrl\":\"https:\/\/lind.com.pl\/wp-content\/uploads\/2023\/05\/sc-h-1010.png\",\"width\":2000,\"height\":1500,\"caption\":\"Lind Sp\u00f3\u0142ka z o.o.\"},\"image\":{\"@id\":\"https:\/\/lind.com.pl\/#\/schema\/logo\/image\/\"}}]}<\/script>\n<!-- \/ Yoast SEO plugin. -->","yoast_head_json":{"title":"Atlantic - Lind Sp\u00f3\u0142ka z o.o.","description":"Atlantic to odmiana sadzeniaka o wczesnej dojrza\u0142o\u015bci. Swoje zastosowanie znajduje w przetw\u00f3rstwie chipsowym ze wzgl\u0119du na odpowiedni\u0105 zawarto\u015b\u0107 skrobi oraz dobry kolor po obr\u00f3bce termicznej.","robots":{"index":"index","follow":"follow","max-snippet":"max-snippet:-1","max-image-preview":"max-image-preview:large","max-video-preview":"max-video-preview:-1"},"canonical":"https:\/\/lind.com.pl\/index.php\/produkt\/atlantic\/","og_locale":"pl_PL","og_type":"article","og_title":"Atlantic - Lind Sp\u00f3\u0142ka z o.o.","og_description":"Atlantic to odmiana sadzeniaka o wczesnej dojrza\u0142o\u015bci. Swoje zastosowanie znajduje w przetw\u00f3rstwie chipsowym ze wzgl\u0119du na odpowiedni\u0105 zawarto\u015b\u0107 skrobi oraz dobry kolor po obr\u00f3bce termicznej.","og_url":"https:\/\/lind.com.pl\/index.php\/produkt\/atlantic\/","og_site_name":"Lind Sp\u00f3\u0142ka z o.o.","article_modified_time":"2023-06-16T07:08:08+00:00","og_image":[{"width":1024,"height":768,"url":"https:\/\/lind.com.pl\/wp-content\/uploads\/2023\/05\/Atlantic-1024x768.png","type":"image\/png"}],"twitter_card":"summary_large_image","twitter_misc":{"Szacowany czas czytania":"1 minuta"},"schema":{"@context":"https:\/\/schema.org","@graph":[{"@type":"WebPage","@id":"https:\/\/lind.com.pl\/index.php\/produkt\/atlantic\/","url":"https:\/\/lind.com.pl\/index.php\/produkt\/atlantic\/","name":"Atlantic - Lind Sp\u00f3\u0142ka z o.o.","isPartOf":{"@id":"https:\/\/lind.com.pl\/#website"},"primaryImageOfPage":{"@id":"https:\/\/lind.com.pl\/index.php\/produkt\/atlantic\/#primaryimage"},"image":{"@id":"https:\/\/lind.com.pl\/index.php\/produkt\/atlantic\/#primaryimage"},"thumbnailUrl":"https:\/\/lind.com.pl\/wp-content\/uploads\/2023\/05\/Atlantic.png","datePublished":"2023-06-16T06:57:47+00:00","dateModified":"2023-06-16T07:08:08+00:00","description":"Atlantic to odmiana sadzeniaka o wczesnej dojrza\u0142o\u015bci. Swoje zastosowanie znajduje w przetw\u00f3rstwie chipsowym ze wzgl\u0119du na odpowiedni\u0105 zawarto\u015b\u0107 skrobi oraz dobry kolor po obr\u00f3bce termicznej.","breadcrumb":{"@id":"https:\/\/lind.com.pl\/index.php\/produkt\/atlantic\/#breadcrumb"},"inLanguage":"pl-PL","potentialAction":[{"@type":"ReadAction","target":["https:\/\/lind.com.pl\/index.php\/produkt\/atlantic\/"]}]},{"@type":"ImageObject","inLanguage":"pl-PL","@id":"https:\/\/lind.com.pl\/index.php\/produkt\/atlantic\/#primaryimage","url":"https:\/\/lind.com.pl\/wp-content\/uploads\/2023\/05\/Atlantic.png","contentUrl":"https:\/\/lind.com.pl\/wp-content\/uploads\/2023\/05\/Atlantic.png","width":2000,"height":1500,"caption":"Atlantic sadzeniaki ziemniaka Lind K\u0119drzyno Polska zachodniopomorskie seed potatoes"},{"@type":"BreadcrumbList","@id":"https:\/\/lind.com.pl\/index.php\/produkt\/atlantic\/#breadcrumb","itemListElement":[{"@type":"ListItem","position":1,"name":"Home","item":"https:\/\/lind.com.pl\/"},{"@type":"ListItem","position":2,"name":"Oferta","item":"https:\/\/lind.com.pl\/index.php\/sklep\/"},{"@type":"ListItem","position":3,"name":"Atlantic"}]},{"@type":"WebSite","@id":"https:\/\/lind.com.pl\/#website","url":"https:\/\/lind.com.pl\/","name":"Lind Sp\u00f3\u0142ka z o.o.","description":"Producent sadzeniak\u00f3w ziemniaka","publisher":{"@id":"https:\/\/lind.com.pl\/#organization"},"potentialAction":[{"@type":"SearchAction","target":{"@type":"EntryPoint","urlTemplate":"https:\/\/lind.com.pl\/?s={search_term_string}"},"query-input":{"@type":"PropertyValueSpecification","valueRequired":true,"valueName":"search_term_string"}}],"inLanguage":"pl-PL"},{"@type":"Organization","@id":"https:\/\/lind.com.pl\/#organization","name":"Lind Sp\u00f3\u0142ka z o.o.","url":"https:\/\/lind.com.pl\/","logo":{"@type":"ImageObject","inLanguage":"pl-PL","@id":"https:\/\/lind.com.pl\/#\/schema\/logo\/image\/","url":"https:\/\/lind.com.pl\/wp-content\/uploads\/2023\/05\/sc-h-1010.png","contentUrl":"https:\/\/lind.com.pl\/wp-content\/uploads\/2023\/05\/sc-h-1010.png","width":2000,"height":1500,"caption":"Lind Sp\u00f3\u0142ka z o.o."},"image":{"@id":"https:\/\/lind.com.pl\/#\/schema\/logo\/image\/"}}]}},"_links":{"self":[{"href":"https:\/\/lind.com.pl\/index.php\/wp-json\/wp\/v2\/product\/203","targetHints":{"allow":["GET"]}}],"collection":[{"href":"https:\/\/lind.com.pl\/index.php\/wp-json\/wp\/v2\/product"}],"about":[{"href":"https:\/\/lind.com.pl\/index.php\/wp-json\/wp\/v2\/types\/product"}],"replies":[{"embeddable":true,"href":"https:\/\/lind.com.pl\/index.php\/wp-json\/wp\/v2\/comments?post=203"}],"wp:featuredmedia":[{"embeddable":true,"href":"https:\/\/lind.com.pl\/index.php\/wp-json\/wp\/v2\/media\/58"}],"wp:attachment":[{"href":"https:\/\/lind.com.pl\/index.php\/wp-json\/wp\/v2\/media?parent=203"}],"wp:term":[{"taxonomy":"product_brand","embeddable":true,"href":"https:\/\/lind.com.pl\/index.php\/wp-json\/wp\/v2\/product_brand?post=203"},{"taxonomy":"product_cat","embeddable":true,"href":"https:\/\/lind.com.pl\/index.php\/wp-json\/wp\/v2\/product_cat?post=203"},{"taxonomy":"product_tag","embeddable":true,"href":"https:\/\/lind.com.pl\/index.php\/wp-json\/wp\/v2\/product_tag?post=203"}],"curies":[{"name":"wp","href":"https:\/\/api.w.org\/{rel}","templated":true}]}}