{"id":202,"date":"2023-06-16T08:43:48","date_gmt":"2023-06-16T06:43:48","guid":{"rendered":"http:\/\/lind.home.pl\/autoinstalator\/wordpressplugins\/?post_type=product&#038;p=202"},"modified":"2023-06-16T08:56:34","modified_gmt":"2023-06-16T06:56:34","slug":"ladyrosetta","status":"publish","type":"product","link":"https:\/\/lind.com.pl\/index.php\/produkt\/ladyrosetta\/","title":{"rendered":"Lady Rosetta"},"content":{"rendered":"<p>Powszechnie stosowana jest do produkcji chips\u00f3w, poniewa\u017c zachowuje sw\u00f3j kszta\u0142t i kolor nawet po obr\u00f3bce termicznej.<\/p>\n<p>Lady Rosetta to odmiana ziemniaka o charakterystycznej czerwonawej sk\u00f3rce. Bulwy s\u0105 okr\u0105g\u0142e o \u015bredniej wielko\u015bci, sk\u00f3rka szorstka ze \u015brednio p\u0142ytkimi oczkami. Mi\u0105\u017csz jasno\u017c\u00f3\u0142ty. Lady Rosetta posiada \u015bredni\u0105 zawarto\u015b\u0107 skrobi, co oznacza, \u017ce jest mi\u0119kka i delikatna w smaku. Jest r\u00f3wnie\u017c bogata w witamin\u0119 C oraz przeciwutleniacze, takie jak antocyjany, kt\u00f3re daj\u0105 jej charakterystyczny kolor sk\u00f3rki.<\/p>\n<p>Bardzo wysoki zbi\u00f3r w po\u0142\u0105czeniu z dobrym plonem handlowym.<\/p>\n<p>Jedn\u0105 z zalet \u201eLady Rosetty\u201d jest jej odporno\u015b\u0107 na choroby takie jak zaraza ziemniaka, parch i wirus Y, co czyni j\u0105 popularn\u0105 w\u015br\u00f3d rolnik\u00f3w i hodowc\u00f3w.<\/p>\n","protected":false},"excerpt":{"rendered":"<p>\u015arednio wczesna odmiana do produkcji chips\u00f3w<\/p>\n<p>Du\u017cy zbi\u00f3r o bardzo dobrej jako\u015bci plon\u00f3w.<\/p>\n<p>Jeste\u015b zainteresowany zakupem sadzeniak\u00f3w ziemniaka tej odmiany? Skontaktuj si\u0119 z nami!<\/p>\n","protected":false},"featured_media":56,"comment_status":"closed","ping_status":"closed","template":"","meta":{"neve_meta_sidebar":"full-width","neve_meta_container":"","neve_meta_enable_content_width":"off","neve_meta_content_width":100,"neve_meta_title_alignment":"","neve_meta_author_avatar":"","neve_post_elements_order":"","neve_meta_disable_header":"","neve_meta_disable_footer":"","neve_meta_disable_title":""},"product_brand":[],"product_cat":[19],"product_tag":[34,33,27,23,24,29,35,25],"class_list":{"0":"post-202","1":"product","2":"type-product","3":"status-publish","4":"has-post-thumbnail","6":"product_cat-sadzeniaki","7":"product_tag-kedrzyno","8":"product_tag-lady-rosetta","9":"product_tag-lind-polska","10":"product_tag-sadzeniaki","11":"product_tag-sadzeniaki-ziemniaka","12":"product_tag-seed-potatoes","13":"product_tag-zachodniopomorskie","14":"product_tag-ziemniaki","16":"first","17":"instock","18":"shipping-taxable","19":"product-type-simple"},"yoast_head":"<!-- This site is optimized with the Yoast SEO plugin v26.4 - https:\/\/yoast.com\/wordpress\/plugins\/seo\/ -->\n<title>Lady Rosetta - Lind Sp\u00f3\u0142ka z o.o.<\/title>\n<meta name=\"description\" content=\"Lady Rosetta to \u015brednio wczesna odmiana do produkcji chips\u00f3w o charakterystycznej czerwonawej sk\u00f3rce. . Du\u017cy zbi\u00f3r o bardzo dobrej jako\u015bci plon\u00f3w.\" \/>\n<meta name=\"robots\" content=\"index, follow, max-snippet:-1, max-image-preview:large, max-video-preview:-1\" \/>\n<link rel=\"canonical\" href=\"https:\/\/lind.com.pl\/index.php\/produkt\/ladyrosetta\/\" \/>\n<meta property=\"og:locale\" content=\"pl_PL\" \/>\n<meta property=\"og:type\" content=\"article\" \/>\n<meta property=\"og:title\" content=\"Lady Rosetta - Lind Sp\u00f3\u0142ka z o.o.\" \/>\n<meta property=\"og:description\" content=\"Lady Rosetta to \u015brednio wczesna odmiana do produkcji chips\u00f3w o charakterystycznej czerwonawej sk\u00f3rce. . Du\u017cy zbi\u00f3r o bardzo dobrej jako\u015bci plon\u00f3w.\" \/>\n<meta property=\"og:url\" content=\"https:\/\/lind.com.pl\/index.php\/produkt\/ladyrosetta\/\" \/>\n<meta property=\"og:site_name\" content=\"Lind Sp\u00f3\u0142ka z o.o.\" \/>\n<meta property=\"article:modified_time\" content=\"2023-06-16T06:56:34+00:00\" \/>\n<meta property=\"og:image\" content=\"https:\/\/lind.com.pl\/wp-content\/uploads\/2023\/05\/Lady-Rosetta-1-1024x768.png\" \/>\n\t<meta property=\"og:image:width\" content=\"1024\" \/>\n\t<meta property=\"og:image:height\" content=\"768\" \/>\n\t<meta property=\"og:image:type\" content=\"image\/png\" \/>\n<meta name=\"twitter:card\" content=\"summary_large_image\" \/>\n<meta name=\"twitter:label1\" content=\"Szacowany czas czytania\" \/>\n\t<meta name=\"twitter:data1\" content=\"1 minuta\" \/>\n<script type=\"application\/ld+json\" class=\"yoast-schema-graph\">{\"@context\":\"https:\/\/schema.org\",\"@graph\":[{\"@type\":\"WebPage\",\"@id\":\"https:\/\/lind.com.pl\/index.php\/produkt\/ladyrosetta\/\",\"url\":\"https:\/\/lind.com.pl\/index.php\/produkt\/ladyrosetta\/\",\"name\":\"Lady Rosetta - Lind Sp\u00f3\u0142ka z o.o.\",\"isPartOf\":{\"@id\":\"https:\/\/lind.com.pl\/#website\"},\"primaryImageOfPage\":{\"@id\":\"https:\/\/lind.com.pl\/index.php\/produkt\/ladyrosetta\/#primaryimage\"},\"image\":{\"@id\":\"https:\/\/lind.com.pl\/index.php\/produkt\/ladyrosetta\/#primaryimage\"},\"thumbnailUrl\":\"https:\/\/lind.com.pl\/wp-content\/uploads\/2023\/05\/Lady-Rosetta-1.png\",\"datePublished\":\"2023-06-16T06:43:48+00:00\",\"dateModified\":\"2023-06-16T06:56:34+00:00\",\"description\":\"Lady Rosetta to \u015brednio wczesna odmiana do produkcji chips\u00f3w o charakterystycznej czerwonawej sk\u00f3rce. . Du\u017cy zbi\u00f3r o bardzo dobrej jako\u015bci plon\u00f3w.\",\"breadcrumb\":{\"@id\":\"https:\/\/lind.com.pl\/index.php\/produkt\/ladyrosetta\/#breadcrumb\"},\"inLanguage\":\"pl-PL\",\"potentialAction\":[{\"@type\":\"ReadAction\",\"target\":[\"https:\/\/lind.com.pl\/index.php\/produkt\/ladyrosetta\/\"]}]},{\"@type\":\"ImageObject\",\"inLanguage\":\"pl-PL\",\"@id\":\"https:\/\/lind.com.pl\/index.php\/produkt\/ladyrosetta\/#primaryimage\",\"url\":\"https:\/\/lind.com.pl\/wp-content\/uploads\/2023\/05\/Lady-Rosetta-1.png\",\"contentUrl\":\"https:\/\/lind.com.pl\/wp-content\/uploads\/2023\/05\/Lady-Rosetta-1.png\",\"width\":2000,\"height\":1500,\"caption\":\"Lady Rosetta sadzeniaki ziemniaka Lind Polska\"},{\"@type\":\"BreadcrumbList\",\"@id\":\"https:\/\/lind.com.pl\/index.php\/produkt\/ladyrosetta\/#breadcrumb\",\"itemListElement\":[{\"@type\":\"ListItem\",\"position\":1,\"name\":\"Home\",\"item\":\"https:\/\/lind.com.pl\/\"},{\"@type\":\"ListItem\",\"position\":2,\"name\":\"Oferta\",\"item\":\"https:\/\/lind.com.pl\/index.php\/sklep\/\"},{\"@type\":\"ListItem\",\"position\":3,\"name\":\"Lady Rosetta\"}]},{\"@type\":\"WebSite\",\"@id\":\"https:\/\/lind.com.pl\/#website\",\"url\":\"https:\/\/lind.com.pl\/\",\"name\":\"Lind Sp\u00f3\u0142ka z o.o.\",\"description\":\"Producent sadzeniak\u00f3w ziemniaka\",\"publisher\":{\"@id\":\"https:\/\/lind.com.pl\/#organization\"},\"potentialAction\":[{\"@type\":\"SearchAction\",\"target\":{\"@type\":\"EntryPoint\",\"urlTemplate\":\"https:\/\/lind.com.pl\/?s={search_term_string}\"},\"query-input\":{\"@type\":\"PropertyValueSpecification\",\"valueRequired\":true,\"valueName\":\"search_term_string\"}}],\"inLanguage\":\"pl-PL\"},{\"@type\":\"Organization\",\"@id\":\"https:\/\/lind.com.pl\/#organization\",\"name\":\"Lind Sp\u00f3\u0142ka z o.o.\",\"url\":\"https:\/\/lind.com.pl\/\",\"logo\":{\"@type\":\"ImageObject\",\"inLanguage\":\"pl-PL\",\"@id\":\"https:\/\/lind.com.pl\/#\/schema\/logo\/image\/\",\"url\":\"https:\/\/lind.com.pl\/wp-content\/uploads\/2023\/05\/sc-h-1010.png\",\"contentUrl\":\"https:\/\/lind.com.pl\/wp-content\/uploads\/2023\/05\/sc-h-1010.png\",\"width\":2000,\"height\":1500,\"caption\":\"Lind Sp\u00f3\u0142ka z o.o.\"},\"image\":{\"@id\":\"https:\/\/lind.com.pl\/#\/schema\/logo\/image\/\"}}]}<\/script>\n<!-- \/ Yoast SEO plugin. -->","yoast_head_json":{"title":"Lady Rosetta - Lind Sp\u00f3\u0142ka z o.o.","description":"Lady Rosetta to \u015brednio wczesna odmiana do produkcji chips\u00f3w o charakterystycznej czerwonawej sk\u00f3rce. . Du\u017cy zbi\u00f3r o bardzo dobrej jako\u015bci plon\u00f3w.","robots":{"index":"index","follow":"follow","max-snippet":"max-snippet:-1","max-image-preview":"max-image-preview:large","max-video-preview":"max-video-preview:-1"},"canonical":"https:\/\/lind.com.pl\/index.php\/produkt\/ladyrosetta\/","og_locale":"pl_PL","og_type":"article","og_title":"Lady Rosetta - Lind Sp\u00f3\u0142ka z o.o.","og_description":"Lady Rosetta to \u015brednio wczesna odmiana do produkcji chips\u00f3w o charakterystycznej czerwonawej sk\u00f3rce. . Du\u017cy zbi\u00f3r o bardzo dobrej jako\u015bci plon\u00f3w.","og_url":"https:\/\/lind.com.pl\/index.php\/produkt\/ladyrosetta\/","og_site_name":"Lind Sp\u00f3\u0142ka z o.o.","article_modified_time":"2023-06-16T06:56:34+00:00","og_image":[{"width":1024,"height":768,"url":"https:\/\/lind.com.pl\/wp-content\/uploads\/2023\/05\/Lady-Rosetta-1-1024x768.png","type":"image\/png"}],"twitter_card":"summary_large_image","twitter_misc":{"Szacowany czas czytania":"1 minuta"},"schema":{"@context":"https:\/\/schema.org","@graph":[{"@type":"WebPage","@id":"https:\/\/lind.com.pl\/index.php\/produkt\/ladyrosetta\/","url":"https:\/\/lind.com.pl\/index.php\/produkt\/ladyrosetta\/","name":"Lady Rosetta - Lind Sp\u00f3\u0142ka z o.o.","isPartOf":{"@id":"https:\/\/lind.com.pl\/#website"},"primaryImageOfPage":{"@id":"https:\/\/lind.com.pl\/index.php\/produkt\/ladyrosetta\/#primaryimage"},"image":{"@id":"https:\/\/lind.com.pl\/index.php\/produkt\/ladyrosetta\/#primaryimage"},"thumbnailUrl":"https:\/\/lind.com.pl\/wp-content\/uploads\/2023\/05\/Lady-Rosetta-1.png","datePublished":"2023-06-16T06:43:48+00:00","dateModified":"2023-06-16T06:56:34+00:00","description":"Lady Rosetta to \u015brednio wczesna odmiana do produkcji chips\u00f3w o charakterystycznej czerwonawej sk\u00f3rce. . Du\u017cy zbi\u00f3r o bardzo dobrej jako\u015bci plon\u00f3w.","breadcrumb":{"@id":"https:\/\/lind.com.pl\/index.php\/produkt\/ladyrosetta\/#breadcrumb"},"inLanguage":"pl-PL","potentialAction":[{"@type":"ReadAction","target":["https:\/\/lind.com.pl\/index.php\/produkt\/ladyrosetta\/"]}]},{"@type":"ImageObject","inLanguage":"pl-PL","@id":"https:\/\/lind.com.pl\/index.php\/produkt\/ladyrosetta\/#primaryimage","url":"https:\/\/lind.com.pl\/wp-content\/uploads\/2023\/05\/Lady-Rosetta-1.png","contentUrl":"https:\/\/lind.com.pl\/wp-content\/uploads\/2023\/05\/Lady-Rosetta-1.png","width":2000,"height":1500,"caption":"Lady Rosetta sadzeniaki ziemniaka Lind Polska"},{"@type":"BreadcrumbList","@id":"https:\/\/lind.com.pl\/index.php\/produkt\/ladyrosetta\/#breadcrumb","itemListElement":[{"@type":"ListItem","position":1,"name":"Home","item":"https:\/\/lind.com.pl\/"},{"@type":"ListItem","position":2,"name":"Oferta","item":"https:\/\/lind.com.pl\/index.php\/sklep\/"},{"@type":"ListItem","position":3,"name":"Lady Rosetta"}]},{"@type":"WebSite","@id":"https:\/\/lind.com.pl\/#website","url":"https:\/\/lind.com.pl\/","name":"Lind Sp\u00f3\u0142ka z o.o.","description":"Producent sadzeniak\u00f3w ziemniaka","publisher":{"@id":"https:\/\/lind.com.pl\/#organization"},"potentialAction":[{"@type":"SearchAction","target":{"@type":"EntryPoint","urlTemplate":"https:\/\/lind.com.pl\/?s={search_term_string}"},"query-input":{"@type":"PropertyValueSpecification","valueRequired":true,"valueName":"search_term_string"}}],"inLanguage":"pl-PL"},{"@type":"Organization","@id":"https:\/\/lind.com.pl\/#organization","name":"Lind Sp\u00f3\u0142ka z o.o.","url":"https:\/\/lind.com.pl\/","logo":{"@type":"ImageObject","inLanguage":"pl-PL","@id":"https:\/\/lind.com.pl\/#\/schema\/logo\/image\/","url":"https:\/\/lind.com.pl\/wp-content\/uploads\/2023\/05\/sc-h-1010.png","contentUrl":"https:\/\/lind.com.pl\/wp-content\/uploads\/2023\/05\/sc-h-1010.png","width":2000,"height":1500,"caption":"Lind Sp\u00f3\u0142ka z o.o."},"image":{"@id":"https:\/\/lind.com.pl\/#\/schema\/logo\/image\/"}}]}},"_links":{"self":[{"href":"https:\/\/lind.com.pl\/index.php\/wp-json\/wp\/v2\/product\/202","targetHints":{"allow":["GET"]}}],"collection":[{"href":"https:\/\/lind.com.pl\/index.php\/wp-json\/wp\/v2\/product"}],"about":[{"href":"https:\/\/lind.com.pl\/index.php\/wp-json\/wp\/v2\/types\/product"}],"replies":[{"embeddable":true,"href":"https:\/\/lind.com.pl\/index.php\/wp-json\/wp\/v2\/comments?post=202"}],"wp:featuredmedia":[{"embeddable":true,"href":"https:\/\/lind.com.pl\/index.php\/wp-json\/wp\/v2\/media\/56"}],"wp:attachment":[{"href":"https:\/\/lind.com.pl\/index.php\/wp-json\/wp\/v2\/media?parent=202"}],"wp:term":[{"taxonomy":"product_brand","embeddable":true,"href":"https:\/\/lind.com.pl\/index.php\/wp-json\/wp\/v2\/product_brand?post=202"},{"taxonomy":"product_cat","embeddable":true,"href":"https:\/\/lind.com.pl\/index.php\/wp-json\/wp\/v2\/product_cat?post=202"},{"taxonomy":"product_tag","embeddable":true,"href":"https:\/\/lind.com.pl\/index.php\/wp-json\/wp\/v2\/product_tag?post=202"}],"curies":[{"name":"wp","href":"https:\/\/api.w.org\/{rel}","templated":true}]}}