{"id":195,"date":"2023-06-13T14:12:22","date_gmt":"2023-06-13T12:12:22","guid":{"rendered":"http:\/\/lind.home.pl\/autoinstalator\/wordpressplugins\/?post_type=product&#038;p=195"},"modified":"2023-06-13T14:19:12","modified_gmt":"2023-06-13T12:19:12","slug":"pirol","status":"publish","type":"product","link":"https:\/\/lind.com.pl\/index.php\/produkt\/pirol\/","title":{"rendered":"Pirol"},"content":{"rendered":"<p>Pirol jest \u015brednio wczesn\u0105 odmian\u0105 og\u00f3lnou\u017cytkow\u0105, o podwy\u017cszonej zawarto\u015bci skrobi, o wysokiej przydatno\u015bci dla przetw\u00f3rstwa spo\u017cywczego, szczeg\u00f3lnie do produkcji chips\u00f3w.<\/p>\n","protected":false},"excerpt":{"rendered":"<p>Odmiana wyprodukowana dla NORIKA Polska. Wi\u0119cej informacji znajdziesz <a href=\"http:\/\/www.norika.pl\/pirol\">tutaj.<\/a><\/p>\n","protected":false},"featured_media":155,"comment_status":"closed","ping_status":"closed","template":"","meta":{"neve_meta_sidebar":"full-width","neve_meta_container":"","neve_meta_enable_content_width":"off","neve_meta_content_width":100,"neve_meta_title_alignment":"","neve_meta_author_avatar":"","neve_post_elements_order":"","neve_meta_disable_header":"","neve_meta_disable_footer":"","neve_meta_disable_title":""},"product_brand":[],"product_cat":[19],"product_tag":[27,30,23,24,29,25],"class_list":{"0":"post-195","1":"product","2":"type-product","3":"status-publish","4":"has-post-thumbnail","6":"product_cat-sadzeniaki","7":"product_tag-lind-polska","8":"product_tag-pirol","9":"product_tag-sadzeniaki","10":"product_tag-sadzeniaki-ziemniaka","11":"product_tag-seed-potatoes","12":"product_tag-ziemniaki","14":"first","15":"instock","16":"shipping-taxable","17":"product-type-simple"},"yoast_head":"<!-- This site is optimized with the Yoast SEO plugin v26.4 - https:\/\/yoast.com\/wordpress\/plugins\/seo\/ -->\n<title>Pirol - Lind Sp\u00f3\u0142ka z o.o.<\/title>\n<meta name=\"description\" content=\"Pirol jest \u015brednio wczesn\u0105 odmian\u0105 og\u00f3lnou\u017cytkow\u0105, o podwy\u017cszonej zawarto\u015bci skrobi, o wysokiej przydatno\u015bci szczeg\u00f3lnie do produkcji chips\u00f3w.\" \/>\n<meta name=\"robots\" content=\"index, follow, max-snippet:-1, max-image-preview:large, max-video-preview:-1\" \/>\n<link rel=\"canonical\" href=\"https:\/\/lind.com.pl\/index.php\/produkt\/pirol\/\" \/>\n<meta property=\"og:locale\" content=\"pl_PL\" \/>\n<meta property=\"og:type\" content=\"article\" \/>\n<meta property=\"og:title\" content=\"Pirol - Lind Sp\u00f3\u0142ka z o.o.\" \/>\n<meta property=\"og:description\" content=\"Pirol jest \u015brednio wczesn\u0105 odmian\u0105 og\u00f3lnou\u017cytkow\u0105, o podwy\u017cszonej zawarto\u015bci skrobi, o wysokiej przydatno\u015bci szczeg\u00f3lnie do produkcji chips\u00f3w.\" \/>\n<meta property=\"og:url\" content=\"https:\/\/lind.com.pl\/index.php\/produkt\/pirol\/\" \/>\n<meta property=\"og:site_name\" content=\"Lind Sp\u00f3\u0142ka z o.o.\" \/>\n<meta property=\"article:modified_time\" content=\"2023-06-13T12:19:12+00:00\" \/>\n<meta property=\"og:image\" content=\"https:\/\/lind.com.pl\/wp-content\/uploads\/2023\/05\/Kopia-Kopia-Kopia-Kopia-HERMES.png\" \/>\n\t<meta property=\"og:image:width\" content=\"2000\" \/>\n\t<meta property=\"og:image:height\" content=\"1500\" \/>\n\t<meta property=\"og:image:type\" content=\"image\/png\" \/>\n<meta name=\"twitter:card\" content=\"summary_large_image\" \/>\n<meta name=\"twitter:label1\" content=\"Szacowany czas czytania\" \/>\n\t<meta name=\"twitter:data1\" content=\"1 minuta\" \/>\n<script type=\"application\/ld+json\" class=\"yoast-schema-graph\">{\"@context\":\"https:\/\/schema.org\",\"@graph\":[{\"@type\":\"WebPage\",\"@id\":\"https:\/\/lind.com.pl\/index.php\/produkt\/pirol\/\",\"url\":\"https:\/\/lind.com.pl\/index.php\/produkt\/pirol\/\",\"name\":\"Pirol - Lind Sp\u00f3\u0142ka z o.o.\",\"isPartOf\":{\"@id\":\"https:\/\/lind.com.pl\/#website\"},\"primaryImageOfPage\":{\"@id\":\"https:\/\/lind.com.pl\/index.php\/produkt\/pirol\/#primaryimage\"},\"image\":{\"@id\":\"https:\/\/lind.com.pl\/index.php\/produkt\/pirol\/#primaryimage\"},\"thumbnailUrl\":\"https:\/\/lind.com.pl\/wp-content\/uploads\/2023\/05\/Kopia-Kopia-Kopia-Kopia-HERMES.png\",\"datePublished\":\"2023-06-13T12:12:22+00:00\",\"dateModified\":\"2023-06-13T12:19:12+00:00\",\"description\":\"Pirol jest \u015brednio wczesn\u0105 odmian\u0105 og\u00f3lnou\u017cytkow\u0105, o podwy\u017cszonej zawarto\u015bci skrobi, o wysokiej przydatno\u015bci szczeg\u00f3lnie do produkcji chips\u00f3w.\",\"breadcrumb\":{\"@id\":\"https:\/\/lind.com.pl\/index.php\/produkt\/pirol\/#breadcrumb\"},\"inLanguage\":\"pl-PL\",\"potentialAction\":[{\"@type\":\"ReadAction\",\"target\":[\"https:\/\/lind.com.pl\/index.php\/produkt\/pirol\/\"]}]},{\"@type\":\"ImageObject\",\"inLanguage\":\"pl-PL\",\"@id\":\"https:\/\/lind.com.pl\/index.php\/produkt\/pirol\/#primaryimage\",\"url\":\"https:\/\/lind.com.pl\/wp-content\/uploads\/2023\/05\/Kopia-Kopia-Kopia-Kopia-HERMES.png\",\"contentUrl\":\"https:\/\/lind.com.pl\/wp-content\/uploads\/2023\/05\/Kopia-Kopia-Kopia-Kopia-HERMES.png\",\"width\":2000,\"height\":1500,\"caption\":\"Pirol sadzeniaki ziemniaka seed potatoes\"},{\"@type\":\"BreadcrumbList\",\"@id\":\"https:\/\/lind.com.pl\/index.php\/produkt\/pirol\/#breadcrumb\",\"itemListElement\":[{\"@type\":\"ListItem\",\"position\":1,\"name\":\"Home\",\"item\":\"https:\/\/lind.com.pl\/\"},{\"@type\":\"ListItem\",\"position\":2,\"name\":\"Oferta\",\"item\":\"https:\/\/lind.com.pl\/index.php\/sklep\/\"},{\"@type\":\"ListItem\",\"position\":3,\"name\":\"Pirol\"}]},{\"@type\":\"WebSite\",\"@id\":\"https:\/\/lind.com.pl\/#website\",\"url\":\"https:\/\/lind.com.pl\/\",\"name\":\"Lind Sp\u00f3\u0142ka z o.o.\",\"description\":\"Producent sadzeniak\u00f3w ziemniaka\",\"publisher\":{\"@id\":\"https:\/\/lind.com.pl\/#organization\"},\"potentialAction\":[{\"@type\":\"SearchAction\",\"target\":{\"@type\":\"EntryPoint\",\"urlTemplate\":\"https:\/\/lind.com.pl\/?s={search_term_string}\"},\"query-input\":{\"@type\":\"PropertyValueSpecification\",\"valueRequired\":true,\"valueName\":\"search_term_string\"}}],\"inLanguage\":\"pl-PL\"},{\"@type\":\"Organization\",\"@id\":\"https:\/\/lind.com.pl\/#organization\",\"name\":\"Lind Sp\u00f3\u0142ka z o.o.\",\"url\":\"https:\/\/lind.com.pl\/\",\"logo\":{\"@type\":\"ImageObject\",\"inLanguage\":\"pl-PL\",\"@id\":\"https:\/\/lind.com.pl\/#\/schema\/logo\/image\/\",\"url\":\"https:\/\/lind.com.pl\/wp-content\/uploads\/2023\/05\/sc-h-1010.png\",\"contentUrl\":\"https:\/\/lind.com.pl\/wp-content\/uploads\/2023\/05\/sc-h-1010.png\",\"width\":2000,\"height\":1500,\"caption\":\"Lind Sp\u00f3\u0142ka z o.o.\"},\"image\":{\"@id\":\"https:\/\/lind.com.pl\/#\/schema\/logo\/image\/\"}}]}<\/script>\n<!-- \/ Yoast SEO plugin. -->","yoast_head_json":{"title":"Pirol - Lind Sp\u00f3\u0142ka z o.o.","description":"Pirol jest \u015brednio wczesn\u0105 odmian\u0105 og\u00f3lnou\u017cytkow\u0105, o podwy\u017cszonej zawarto\u015bci skrobi, o wysokiej przydatno\u015bci szczeg\u00f3lnie do produkcji chips\u00f3w.","robots":{"index":"index","follow":"follow","max-snippet":"max-snippet:-1","max-image-preview":"max-image-preview:large","max-video-preview":"max-video-preview:-1"},"canonical":"https:\/\/lind.com.pl\/index.php\/produkt\/pirol\/","og_locale":"pl_PL","og_type":"article","og_title":"Pirol - Lind Sp\u00f3\u0142ka z o.o.","og_description":"Pirol jest \u015brednio wczesn\u0105 odmian\u0105 og\u00f3lnou\u017cytkow\u0105, o podwy\u017cszonej zawarto\u015bci skrobi, o wysokiej przydatno\u015bci szczeg\u00f3lnie do produkcji chips\u00f3w.","og_url":"https:\/\/lind.com.pl\/index.php\/produkt\/pirol\/","og_site_name":"Lind Sp\u00f3\u0142ka z o.o.","article_modified_time":"2023-06-13T12:19:12+00:00","og_image":[{"width":2000,"height":1500,"url":"https:\/\/lind.com.pl\/wp-content\/uploads\/2023\/05\/Kopia-Kopia-Kopia-Kopia-HERMES.png","type":"image\/png"}],"twitter_card":"summary_large_image","twitter_misc":{"Szacowany czas czytania":"1 minuta"},"schema":{"@context":"https:\/\/schema.org","@graph":[{"@type":"WebPage","@id":"https:\/\/lind.com.pl\/index.php\/produkt\/pirol\/","url":"https:\/\/lind.com.pl\/index.php\/produkt\/pirol\/","name":"Pirol - Lind Sp\u00f3\u0142ka z o.o.","isPartOf":{"@id":"https:\/\/lind.com.pl\/#website"},"primaryImageOfPage":{"@id":"https:\/\/lind.com.pl\/index.php\/produkt\/pirol\/#primaryimage"},"image":{"@id":"https:\/\/lind.com.pl\/index.php\/produkt\/pirol\/#primaryimage"},"thumbnailUrl":"https:\/\/lind.com.pl\/wp-content\/uploads\/2023\/05\/Kopia-Kopia-Kopia-Kopia-HERMES.png","datePublished":"2023-06-13T12:12:22+00:00","dateModified":"2023-06-13T12:19:12+00:00","description":"Pirol jest \u015brednio wczesn\u0105 odmian\u0105 og\u00f3lnou\u017cytkow\u0105, o podwy\u017cszonej zawarto\u015bci skrobi, o wysokiej przydatno\u015bci szczeg\u00f3lnie do produkcji chips\u00f3w.","breadcrumb":{"@id":"https:\/\/lind.com.pl\/index.php\/produkt\/pirol\/#breadcrumb"},"inLanguage":"pl-PL","potentialAction":[{"@type":"ReadAction","target":["https:\/\/lind.com.pl\/index.php\/produkt\/pirol\/"]}]},{"@type":"ImageObject","inLanguage":"pl-PL","@id":"https:\/\/lind.com.pl\/index.php\/produkt\/pirol\/#primaryimage","url":"https:\/\/lind.com.pl\/wp-content\/uploads\/2023\/05\/Kopia-Kopia-Kopia-Kopia-HERMES.png","contentUrl":"https:\/\/lind.com.pl\/wp-content\/uploads\/2023\/05\/Kopia-Kopia-Kopia-Kopia-HERMES.png","width":2000,"height":1500,"caption":"Pirol sadzeniaki ziemniaka seed potatoes"},{"@type":"BreadcrumbList","@id":"https:\/\/lind.com.pl\/index.php\/produkt\/pirol\/#breadcrumb","itemListElement":[{"@type":"ListItem","position":1,"name":"Home","item":"https:\/\/lind.com.pl\/"},{"@type":"ListItem","position":2,"name":"Oferta","item":"https:\/\/lind.com.pl\/index.php\/sklep\/"},{"@type":"ListItem","position":3,"name":"Pirol"}]},{"@type":"WebSite","@id":"https:\/\/lind.com.pl\/#website","url":"https:\/\/lind.com.pl\/","name":"Lind Sp\u00f3\u0142ka z o.o.","description":"Producent sadzeniak\u00f3w ziemniaka","publisher":{"@id":"https:\/\/lind.com.pl\/#organization"},"potentialAction":[{"@type":"SearchAction","target":{"@type":"EntryPoint","urlTemplate":"https:\/\/lind.com.pl\/?s={search_term_string}"},"query-input":{"@type":"PropertyValueSpecification","valueRequired":true,"valueName":"search_term_string"}}],"inLanguage":"pl-PL"},{"@type":"Organization","@id":"https:\/\/lind.com.pl\/#organization","name":"Lind Sp\u00f3\u0142ka z o.o.","url":"https:\/\/lind.com.pl\/","logo":{"@type":"ImageObject","inLanguage":"pl-PL","@id":"https:\/\/lind.com.pl\/#\/schema\/logo\/image\/","url":"https:\/\/lind.com.pl\/wp-content\/uploads\/2023\/05\/sc-h-1010.png","contentUrl":"https:\/\/lind.com.pl\/wp-content\/uploads\/2023\/05\/sc-h-1010.png","width":2000,"height":1500,"caption":"Lind Sp\u00f3\u0142ka z o.o."},"image":{"@id":"https:\/\/lind.com.pl\/#\/schema\/logo\/image\/"}}]}},"_links":{"self":[{"href":"https:\/\/lind.com.pl\/index.php\/wp-json\/wp\/v2\/product\/195","targetHints":{"allow":["GET"]}}],"collection":[{"href":"https:\/\/lind.com.pl\/index.php\/wp-json\/wp\/v2\/product"}],"about":[{"href":"https:\/\/lind.com.pl\/index.php\/wp-json\/wp\/v2\/types\/product"}],"replies":[{"embeddable":true,"href":"https:\/\/lind.com.pl\/index.php\/wp-json\/wp\/v2\/comments?post=195"}],"wp:featuredmedia":[{"embeddable":true,"href":"https:\/\/lind.com.pl\/index.php\/wp-json\/wp\/v2\/media\/155"}],"wp:attachment":[{"href":"https:\/\/lind.com.pl\/index.php\/wp-json\/wp\/v2\/media?parent=195"}],"wp:term":[{"taxonomy":"product_brand","embeddable":true,"href":"https:\/\/lind.com.pl\/index.php\/wp-json\/wp\/v2\/product_brand?post=195"},{"taxonomy":"product_cat","embeddable":true,"href":"https:\/\/lind.com.pl\/index.php\/wp-json\/wp\/v2\/product_cat?post=195"},{"taxonomy":"product_tag","embeddable":true,"href":"https:\/\/lind.com.pl\/index.php\/wp-json\/wp\/v2\/product_tag?post=195"}],"curies":[{"name":"wp","href":"https:\/\/api.w.org\/{rel}","templated":true}]}}