{"id":187,"date":"2023-06-13T13:18:01","date_gmt":"2023-06-13T11:18:01","guid":{"rendered":"http:\/\/lind.home.pl\/autoinstalator\/wordpressplugins\/?post_type=product&#038;p=187"},"modified":"2023-06-13T13:27:39","modified_gmt":"2023-06-13T11:27:39","slug":"edison","status":"publish","type":"product","link":"https:\/\/lind.com.pl\/index.php\/produkt\/edison\/","title":{"rendered":"Edison"},"content":{"rendered":"<p>Charakteryzuje si\u0119 pod\u0142u\u017cnymi bulwami o \u017c\u00f3\u0142tej sk\u00f3rce, kremowym mi\u0105\u017cszu i p\u0142ytkich oczkach w typie kulinarnym B. Tworzy plon o wysokim udziale bulw du\u017cych. Odznacza si\u0119 wysok\u0105 odporno\u015bci\u0105 na wirus Y (PVY oraz PVY ntn), rizoktonioz\u0119, czarn\u0105 n\u00f3\u017ck\u0119, parcha zwyk\u0142ego, rdzaw\u0105 plamisto\u015b\u0107, uszkodzenia mechaniczne i wt\u00f3rny wzrost.<\/p>\n","protected":false},"excerpt":{"rendered":"<p>Odmiana wyprodukowana dla Solana Polska. Wi\u0119cej informacji znajdziesz <a href=\"https:\/\/solanapolska.pl\/edison\/\">tutaj.<\/a><\/p>\n","protected":false},"featured_media":170,"comment_status":"closed","ping_status":"closed","template":"","meta":{"neve_meta_sidebar":"full-width","neve_meta_container":"","neve_meta_enable_content_width":"off","neve_meta_content_width":100,"neve_meta_title_alignment":"","neve_meta_author_avatar":"","neve_post_elements_order":"","neve_meta_disable_header":"","neve_meta_disable_footer":"","neve_meta_disable_title":""},"product_brand":[],"product_cat":[19],"product_tag":[26,27,23,24,25],"class_list":{"0":"post-187","1":"product","2":"type-product","3":"status-publish","4":"has-post-thumbnail","6":"product_cat-sadzeniaki","7":"product_tag-hermes","8":"product_tag-lind-polska","9":"product_tag-sadzeniaki","10":"product_tag-sadzeniaki-ziemniaka","11":"product_tag-ziemniaki","13":"first","14":"instock","15":"shipping-taxable","16":"product-type-simple"},"yoast_head":"<!-- This site is optimized with the Yoast SEO plugin v26.4 - https:\/\/yoast.com\/wordpress\/plugins\/seo\/ -->\n<title>Edison - Lind Sp\u00f3\u0142ka z o.o.<\/title>\n<meta name=\"description\" content=\"Edison to odmiana \u015brednio wczesna frytkowa o bardzo dobrej trwa\u0142o\u015bci przechowalniczej.\" \/>\n<meta name=\"robots\" content=\"index, follow, max-snippet:-1, max-image-preview:large, max-video-preview:-1\" \/>\n<link rel=\"canonical\" href=\"https:\/\/lind.com.pl\/index.php\/produkt\/edison\/\" \/>\n<meta property=\"og:locale\" content=\"pl_PL\" \/>\n<meta property=\"og:type\" content=\"article\" \/>\n<meta property=\"og:title\" content=\"Edison - Lind Sp\u00f3\u0142ka z o.o.\" \/>\n<meta property=\"og:description\" content=\"Edison to odmiana \u015brednio wczesna frytkowa o bardzo dobrej trwa\u0142o\u015bci przechowalniczej.\" \/>\n<meta property=\"og:url\" content=\"https:\/\/lind.com.pl\/index.php\/produkt\/edison\/\" \/>\n<meta property=\"og:site_name\" content=\"Lind Sp\u00f3\u0142ka z o.o.\" \/>\n<meta property=\"article:modified_time\" content=\"2023-06-13T11:27:39+00:00\" \/>\n<meta property=\"og:image\" content=\"https:\/\/lind.com.pl\/wp-content\/uploads\/2023\/06\/Kopia-Kopia-Kopia-Kopia-Kopia-Kopia-HERMES.png\" \/>\n\t<meta property=\"og:image:width\" content=\"2000\" \/>\n\t<meta property=\"og:image:height\" content=\"1500\" \/>\n\t<meta property=\"og:image:type\" content=\"image\/png\" \/>\n<meta name=\"twitter:card\" content=\"summary_large_image\" \/>\n<meta name=\"twitter:label1\" content=\"Szacowany czas czytania\" \/>\n\t<meta name=\"twitter:data1\" content=\"1 minuta\" \/>\n<script type=\"application\/ld+json\" class=\"yoast-schema-graph\">{\"@context\":\"https:\/\/schema.org\",\"@graph\":[{\"@type\":\"WebPage\",\"@id\":\"https:\/\/lind.com.pl\/index.php\/produkt\/edison\/\",\"url\":\"https:\/\/lind.com.pl\/index.php\/produkt\/edison\/\",\"name\":\"Edison - Lind Sp\u00f3\u0142ka z o.o.\",\"isPartOf\":{\"@id\":\"https:\/\/lind.com.pl\/#website\"},\"primaryImageOfPage\":{\"@id\":\"https:\/\/lind.com.pl\/index.php\/produkt\/edison\/#primaryimage\"},\"image\":{\"@id\":\"https:\/\/lind.com.pl\/index.php\/produkt\/edison\/#primaryimage\"},\"thumbnailUrl\":\"https:\/\/lind.com.pl\/wp-content\/uploads\/2023\/06\/Kopia-Kopia-Kopia-Kopia-Kopia-Kopia-HERMES.png\",\"datePublished\":\"2023-06-13T11:18:01+00:00\",\"dateModified\":\"2023-06-13T11:27:39+00:00\",\"description\":\"Edison to odmiana \u015brednio wczesna frytkowa o bardzo dobrej trwa\u0142o\u015bci przechowalniczej.\",\"breadcrumb\":{\"@id\":\"https:\/\/lind.com.pl\/index.php\/produkt\/edison\/#breadcrumb\"},\"inLanguage\":\"pl-PL\",\"potentialAction\":[{\"@type\":\"ReadAction\",\"target\":[\"https:\/\/lind.com.pl\/index.php\/produkt\/edison\/\"]}]},{\"@type\":\"ImageObject\",\"inLanguage\":\"pl-PL\",\"@id\":\"https:\/\/lind.com.pl\/index.php\/produkt\/edison\/#primaryimage\",\"url\":\"https:\/\/lind.com.pl\/wp-content\/uploads\/2023\/06\/Kopia-Kopia-Kopia-Kopia-Kopia-Kopia-HERMES.png\",\"contentUrl\":\"https:\/\/lind.com.pl\/wp-content\/uploads\/2023\/06\/Kopia-Kopia-Kopia-Kopia-Kopia-Kopia-HERMES.png\",\"width\":2000,\"height\":1500,\"caption\":\"edison sadzeniaki ziemniaka solana polska\"},{\"@type\":\"BreadcrumbList\",\"@id\":\"https:\/\/lind.com.pl\/index.php\/produkt\/edison\/#breadcrumb\",\"itemListElement\":[{\"@type\":\"ListItem\",\"position\":1,\"name\":\"Home\",\"item\":\"https:\/\/lind.com.pl\/\"},{\"@type\":\"ListItem\",\"position\":2,\"name\":\"Oferta\",\"item\":\"https:\/\/lind.com.pl\/index.php\/sklep\/\"},{\"@type\":\"ListItem\",\"position\":3,\"name\":\"Edison\"}]},{\"@type\":\"WebSite\",\"@id\":\"https:\/\/lind.com.pl\/#website\",\"url\":\"https:\/\/lind.com.pl\/\",\"name\":\"Lind Sp\u00f3\u0142ka z o.o.\",\"description\":\"Producent sadzeniak\u00f3w ziemniaka\",\"publisher\":{\"@id\":\"https:\/\/lind.com.pl\/#organization\"},\"potentialAction\":[{\"@type\":\"SearchAction\",\"target\":{\"@type\":\"EntryPoint\",\"urlTemplate\":\"https:\/\/lind.com.pl\/?s={search_term_string}\"},\"query-input\":{\"@type\":\"PropertyValueSpecification\",\"valueRequired\":true,\"valueName\":\"search_term_string\"}}],\"inLanguage\":\"pl-PL\"},{\"@type\":\"Organization\",\"@id\":\"https:\/\/lind.com.pl\/#organization\",\"name\":\"Lind Sp\u00f3\u0142ka z o.o.\",\"url\":\"https:\/\/lind.com.pl\/\",\"logo\":{\"@type\":\"ImageObject\",\"inLanguage\":\"pl-PL\",\"@id\":\"https:\/\/lind.com.pl\/#\/schema\/logo\/image\/\",\"url\":\"https:\/\/lind.com.pl\/wp-content\/uploads\/2023\/05\/sc-h-1010.png\",\"contentUrl\":\"https:\/\/lind.com.pl\/wp-content\/uploads\/2023\/05\/sc-h-1010.png\",\"width\":2000,\"height\":1500,\"caption\":\"Lind Sp\u00f3\u0142ka z o.o.\"},\"image\":{\"@id\":\"https:\/\/lind.com.pl\/#\/schema\/logo\/image\/\"}}]}<\/script>\n<!-- \/ Yoast SEO plugin. -->","yoast_head_json":{"title":"Edison - Lind Sp\u00f3\u0142ka z o.o.","description":"Edison to odmiana \u015brednio wczesna frytkowa o bardzo dobrej trwa\u0142o\u015bci przechowalniczej.","robots":{"index":"index","follow":"follow","max-snippet":"max-snippet:-1","max-image-preview":"max-image-preview:large","max-video-preview":"max-video-preview:-1"},"canonical":"https:\/\/lind.com.pl\/index.php\/produkt\/edison\/","og_locale":"pl_PL","og_type":"article","og_title":"Edison - Lind Sp\u00f3\u0142ka z o.o.","og_description":"Edison to odmiana \u015brednio wczesna frytkowa o bardzo dobrej trwa\u0142o\u015bci przechowalniczej.","og_url":"https:\/\/lind.com.pl\/index.php\/produkt\/edison\/","og_site_name":"Lind Sp\u00f3\u0142ka z o.o.","article_modified_time":"2023-06-13T11:27:39+00:00","og_image":[{"width":2000,"height":1500,"url":"https:\/\/lind.com.pl\/wp-content\/uploads\/2023\/06\/Kopia-Kopia-Kopia-Kopia-Kopia-Kopia-HERMES.png","type":"image\/png"}],"twitter_card":"summary_large_image","twitter_misc":{"Szacowany czas czytania":"1 minuta"},"schema":{"@context":"https:\/\/schema.org","@graph":[{"@type":"WebPage","@id":"https:\/\/lind.com.pl\/index.php\/produkt\/edison\/","url":"https:\/\/lind.com.pl\/index.php\/produkt\/edison\/","name":"Edison - Lind Sp\u00f3\u0142ka z o.o.","isPartOf":{"@id":"https:\/\/lind.com.pl\/#website"},"primaryImageOfPage":{"@id":"https:\/\/lind.com.pl\/index.php\/produkt\/edison\/#primaryimage"},"image":{"@id":"https:\/\/lind.com.pl\/index.php\/produkt\/edison\/#primaryimage"},"thumbnailUrl":"https:\/\/lind.com.pl\/wp-content\/uploads\/2023\/06\/Kopia-Kopia-Kopia-Kopia-Kopia-Kopia-HERMES.png","datePublished":"2023-06-13T11:18:01+00:00","dateModified":"2023-06-13T11:27:39+00:00","description":"Edison to odmiana \u015brednio wczesna frytkowa o bardzo dobrej trwa\u0142o\u015bci przechowalniczej.","breadcrumb":{"@id":"https:\/\/lind.com.pl\/index.php\/produkt\/edison\/#breadcrumb"},"inLanguage":"pl-PL","potentialAction":[{"@type":"ReadAction","target":["https:\/\/lind.com.pl\/index.php\/produkt\/edison\/"]}]},{"@type":"ImageObject","inLanguage":"pl-PL","@id":"https:\/\/lind.com.pl\/index.php\/produkt\/edison\/#primaryimage","url":"https:\/\/lind.com.pl\/wp-content\/uploads\/2023\/06\/Kopia-Kopia-Kopia-Kopia-Kopia-Kopia-HERMES.png","contentUrl":"https:\/\/lind.com.pl\/wp-content\/uploads\/2023\/06\/Kopia-Kopia-Kopia-Kopia-Kopia-Kopia-HERMES.png","width":2000,"height":1500,"caption":"edison sadzeniaki ziemniaka solana polska"},{"@type":"BreadcrumbList","@id":"https:\/\/lind.com.pl\/index.php\/produkt\/edison\/#breadcrumb","itemListElement":[{"@type":"ListItem","position":1,"name":"Home","item":"https:\/\/lind.com.pl\/"},{"@type":"ListItem","position":2,"name":"Oferta","item":"https:\/\/lind.com.pl\/index.php\/sklep\/"},{"@type":"ListItem","position":3,"name":"Edison"}]},{"@type":"WebSite","@id":"https:\/\/lind.com.pl\/#website","url":"https:\/\/lind.com.pl\/","name":"Lind Sp\u00f3\u0142ka z o.o.","description":"Producent sadzeniak\u00f3w ziemniaka","publisher":{"@id":"https:\/\/lind.com.pl\/#organization"},"potentialAction":[{"@type":"SearchAction","target":{"@type":"EntryPoint","urlTemplate":"https:\/\/lind.com.pl\/?s={search_term_string}"},"query-input":{"@type":"PropertyValueSpecification","valueRequired":true,"valueName":"search_term_string"}}],"inLanguage":"pl-PL"},{"@type":"Organization","@id":"https:\/\/lind.com.pl\/#organization","name":"Lind Sp\u00f3\u0142ka z o.o.","url":"https:\/\/lind.com.pl\/","logo":{"@type":"ImageObject","inLanguage":"pl-PL","@id":"https:\/\/lind.com.pl\/#\/schema\/logo\/image\/","url":"https:\/\/lind.com.pl\/wp-content\/uploads\/2023\/05\/sc-h-1010.png","contentUrl":"https:\/\/lind.com.pl\/wp-content\/uploads\/2023\/05\/sc-h-1010.png","width":2000,"height":1500,"caption":"Lind Sp\u00f3\u0142ka z o.o."},"image":{"@id":"https:\/\/lind.com.pl\/#\/schema\/logo\/image\/"}}]}},"_links":{"self":[{"href":"https:\/\/lind.com.pl\/index.php\/wp-json\/wp\/v2\/product\/187","targetHints":{"allow":["GET"]}}],"collection":[{"href":"https:\/\/lind.com.pl\/index.php\/wp-json\/wp\/v2\/product"}],"about":[{"href":"https:\/\/lind.com.pl\/index.php\/wp-json\/wp\/v2\/types\/product"}],"replies":[{"embeddable":true,"href":"https:\/\/lind.com.pl\/index.php\/wp-json\/wp\/v2\/comments?post=187"}],"wp:featuredmedia":[{"embeddable":true,"href":"https:\/\/lind.com.pl\/index.php\/wp-json\/wp\/v2\/media\/170"}],"wp:attachment":[{"href":"https:\/\/lind.com.pl\/index.php\/wp-json\/wp\/v2\/media?parent=187"}],"wp:term":[{"taxonomy":"product_brand","embeddable":true,"href":"https:\/\/lind.com.pl\/index.php\/wp-json\/wp\/v2\/product_brand?post=187"},{"taxonomy":"product_cat","embeddable":true,"href":"https:\/\/lind.com.pl\/index.php\/wp-json\/wp\/v2\/product_cat?post=187"},{"taxonomy":"product_tag","embeddable":true,"href":"https:\/\/lind.com.pl\/index.php\/wp-json\/wp\/v2\/product_tag?post=187"}],"curies":[{"name":"wp","href":"https:\/\/api.w.org\/{rel}","templated":true}]}}