{"id":183,"date":"2023-06-01T10:13:21","date_gmt":"2023-06-01T08:13:21","guid":{"rendered":"http:\/\/lind.home.pl\/autoinstalator\/wordpressplugins\/index.php\/produkt\/hoodie-with-logo-3\/"},"modified":"2023-06-13T13:16:29","modified_gmt":"2023-06-13T11:16:29","slug":"hermes","status":"publish","type":"product","link":"https:\/\/lind.com.pl\/index.php\/produkt\/hermes\/","title":{"rendered":"Hermes"},"content":{"rendered":"<p>Hermes to odmiana sadzeniak\u00f3w ziemniaka typu BC, nale\u017c\u0105ca do grupy odmian \u015bredniowczesnych.<\/p>\n<p>Bulwy s\u0105 \u015bredniej wielko\u015bci o kszta\u0142cie okr\u0105g\u0142ym lub nieco owalnym. Maj\u0105 cienk\u0105, kremow\u0105 sk\u00f3rk\u0119 oraz jasno\u017c\u00f3\u0142ty mi\u0105\u017csz, kt\u00f3ry nie zmienia koloru po ugotowaniu. P\u0142ytkie oczka. \u015arednia do wysokiej zawarto\u015b\u0107 skrobi.<\/p>\n<p>Wysoki plon o doskona\u0142ej jako\u015bci.<\/p>\n<p>Bulwy Hermesa s\u0105 \u0142atwe do przechowywania i maj\u0105 dobr\u0105 zdolno\u015b\u0107 do utrzymania swojej jako\u015bci dzi\u0119ki d\u0142ugiemu okresowi spoczynku.<\/p>\n<p>Odmiana wra\u017cliwa na zaraz\u0119 ziemniaczan\u0105 m\u0105twika\u00a0<em>Globodera rostochiensis<\/em>\u00a0i m\u0105twika\u00a0<em>Globodera pallida<\/em>\u00a0.\u00a0Testy wykazuj\u0105 odporno\u015b\u0107 na parcha sproszkowanego, wirusa li\u015bciozwoju ziemniaka, wirusa ziemniaka Y i p\u0119kanie bulw.\u00a0 Mo\u017cna j\u0105 uprawia\u0107 w r\u00f3\u017cnych warunkach klimatycznych, ale najlepiej ro\u015bnie w umiarkowanie wilgotnych i ch\u0142odnych warunkach.<\/p>\n","protected":false},"excerpt":{"rendered":"<p>\u015aredniowczesna odmiana do produkcji chips\u00f3w. Charakteryzuje si\u0119 dobr\u0105 odporno\u015bci\u0105 na susz\u0119 i wysokim plonem.<\/p>\n<p>Jeste\u015b zainteresowany zakupem sadzeniak\u00f3w ziemniaka tej odmiany? Skontaktuj si\u0119 z nami!<\/p>\n","protected":false},"featured_media":54,"comment_status":"closed","ping_status":"closed","template":"","meta":{"neve_meta_sidebar":"full-width","neve_meta_container":"","neve_meta_enable_content_width":"off","neve_meta_content_width":100,"neve_meta_title_alignment":"","neve_meta_author_avatar":"","neve_post_elements_order":"","neve_meta_disable_header":"","neve_meta_disable_footer":"","neve_meta_disable_title":""},"product_brand":[],"product_cat":[19],"product_tag":[26,27,23,24,25],"class_list":{"0":"post-183","1":"product","2":"type-product","3":"status-publish","4":"has-post-thumbnail","6":"product_cat-sadzeniaki","7":"product_tag-hermes","8":"product_tag-lind-polska","9":"product_tag-sadzeniaki","10":"product_tag-sadzeniaki-ziemniaka","11":"product_tag-ziemniaki","13":"first","14":"instock","15":"shipping-taxable","16":"product-type-simple"},"yoast_head":"<!-- This site is optimized with the Yoast SEO plugin v26.4 - https:\/\/yoast.com\/wordpress\/plugins\/seo\/ -->\n<title>Hermes - Lind Sp\u00f3\u0142ka z o.o.<\/title>\n<meta name=\"description\" content=\"Hermes to chipsowa odmiana sadzeniak\u00f3w ziemniaka. Charakteryzuje si\u0119 dobr\u0105 odporno\u015bci\u0105 na susz\u0119 i wysokim plonem.\" \/>\n<meta name=\"robots\" content=\"index, follow, max-snippet:-1, max-image-preview:large, max-video-preview:-1\" \/>\n<link rel=\"canonical\" href=\"https:\/\/lind.com.pl\/index.php\/produkt\/hermes\/\" \/>\n<meta property=\"og:locale\" content=\"pl_PL\" \/>\n<meta property=\"og:type\" content=\"article\" \/>\n<meta property=\"og:title\" content=\"Hermes - Lind Sp\u00f3\u0142ka z o.o.\" \/>\n<meta property=\"og:description\" content=\"Hermes to chipsowa odmiana sadzeniak\u00f3w ziemniaka. Charakteryzuje si\u0119 dobr\u0105 odporno\u015bci\u0105 na susz\u0119 i wysokim plonem.\" \/>\n<meta property=\"og:url\" content=\"https:\/\/lind.com.pl\/index.php\/produkt\/hermes\/\" \/>\n<meta property=\"og:site_name\" content=\"Lind Sp\u00f3\u0142ka z o.o.\" \/>\n<meta property=\"article:modified_time\" content=\"2023-06-13T11:16:29+00:00\" \/>\n<meta property=\"og:image\" content=\"https:\/\/lind.com.pl\/wp-content\/uploads\/2023\/05\/HERMES-1024x768.png\" \/>\n\t<meta property=\"og:image:width\" content=\"1024\" \/>\n\t<meta property=\"og:image:height\" content=\"768\" \/>\n\t<meta property=\"og:image:type\" content=\"image\/png\" \/>\n<meta name=\"twitter:card\" content=\"summary_large_image\" \/>\n<meta name=\"twitter:label1\" content=\"Szacowany czas czytania\" \/>\n\t<meta name=\"twitter:data1\" content=\"1 minuta\" \/>\n<script type=\"application\/ld+json\" class=\"yoast-schema-graph\">{\"@context\":\"https:\/\/schema.org\",\"@graph\":[{\"@type\":\"WebPage\",\"@id\":\"https:\/\/lind.com.pl\/index.php\/produkt\/hermes\/\",\"url\":\"https:\/\/lind.com.pl\/index.php\/produkt\/hermes\/\",\"name\":\"Hermes - Lind Sp\u00f3\u0142ka z o.o.\",\"isPartOf\":{\"@id\":\"https:\/\/lind.com.pl\/#website\"},\"primaryImageOfPage\":{\"@id\":\"https:\/\/lind.com.pl\/index.php\/produkt\/hermes\/#primaryimage\"},\"image\":{\"@id\":\"https:\/\/lind.com.pl\/index.php\/produkt\/hermes\/#primaryimage\"},\"thumbnailUrl\":\"https:\/\/lind.com.pl\/wp-content\/uploads\/2023\/05\/HERMES.png\",\"datePublished\":\"2023-06-01T08:13:21+00:00\",\"dateModified\":\"2023-06-13T11:16:29+00:00\",\"description\":\"Hermes to chipsowa odmiana sadzeniak\u00f3w ziemniaka. Charakteryzuje si\u0119 dobr\u0105 odporno\u015bci\u0105 na susz\u0119 i wysokim plonem.\",\"breadcrumb\":{\"@id\":\"https:\/\/lind.com.pl\/index.php\/produkt\/hermes\/#breadcrumb\"},\"inLanguage\":\"pl-PL\",\"potentialAction\":[{\"@type\":\"ReadAction\",\"target\":[\"https:\/\/lind.com.pl\/index.php\/produkt\/hermes\/\"]}]},{\"@type\":\"ImageObject\",\"inLanguage\":\"pl-PL\",\"@id\":\"https:\/\/lind.com.pl\/index.php\/produkt\/hermes\/#primaryimage\",\"url\":\"https:\/\/lind.com.pl\/wp-content\/uploads\/2023\/05\/HERMES.png\",\"contentUrl\":\"https:\/\/lind.com.pl\/wp-content\/uploads\/2023\/05\/HERMES.png\",\"width\":2000,\"height\":1500,\"caption\":\"sadzeniaki ziemniaka hermes\"},{\"@type\":\"BreadcrumbList\",\"@id\":\"https:\/\/lind.com.pl\/index.php\/produkt\/hermes\/#breadcrumb\",\"itemListElement\":[{\"@type\":\"ListItem\",\"position\":1,\"name\":\"Home\",\"item\":\"https:\/\/lind.com.pl\/\"},{\"@type\":\"ListItem\",\"position\":2,\"name\":\"Oferta\",\"item\":\"https:\/\/lind.com.pl\/index.php\/sklep\/\"},{\"@type\":\"ListItem\",\"position\":3,\"name\":\"Hermes\"}]},{\"@type\":\"WebSite\",\"@id\":\"https:\/\/lind.com.pl\/#website\",\"url\":\"https:\/\/lind.com.pl\/\",\"name\":\"Lind Sp\u00f3\u0142ka z o.o.\",\"description\":\"Producent sadzeniak\u00f3w ziemniaka\",\"publisher\":{\"@id\":\"https:\/\/lind.com.pl\/#organization\"},\"potentialAction\":[{\"@type\":\"SearchAction\",\"target\":{\"@type\":\"EntryPoint\",\"urlTemplate\":\"https:\/\/lind.com.pl\/?s={search_term_string}\"},\"query-input\":{\"@type\":\"PropertyValueSpecification\",\"valueRequired\":true,\"valueName\":\"search_term_string\"}}],\"inLanguage\":\"pl-PL\"},{\"@type\":\"Organization\",\"@id\":\"https:\/\/lind.com.pl\/#organization\",\"name\":\"Lind Sp\u00f3\u0142ka z o.o.\",\"url\":\"https:\/\/lind.com.pl\/\",\"logo\":{\"@type\":\"ImageObject\",\"inLanguage\":\"pl-PL\",\"@id\":\"https:\/\/lind.com.pl\/#\/schema\/logo\/image\/\",\"url\":\"https:\/\/lind.com.pl\/wp-content\/uploads\/2023\/05\/sc-h-1010.png\",\"contentUrl\":\"https:\/\/lind.com.pl\/wp-content\/uploads\/2023\/05\/sc-h-1010.png\",\"width\":2000,\"height\":1500,\"caption\":\"Lind Sp\u00f3\u0142ka z o.o.\"},\"image\":{\"@id\":\"https:\/\/lind.com.pl\/#\/schema\/logo\/image\/\"}}]}<\/script>\n<!-- \/ Yoast SEO plugin. -->","yoast_head_json":{"title":"Hermes - Lind Sp\u00f3\u0142ka z o.o.","description":"Hermes to chipsowa odmiana sadzeniak\u00f3w ziemniaka. Charakteryzuje si\u0119 dobr\u0105 odporno\u015bci\u0105 na susz\u0119 i wysokim plonem.","robots":{"index":"index","follow":"follow","max-snippet":"max-snippet:-1","max-image-preview":"max-image-preview:large","max-video-preview":"max-video-preview:-1"},"canonical":"https:\/\/lind.com.pl\/index.php\/produkt\/hermes\/","og_locale":"pl_PL","og_type":"article","og_title":"Hermes - Lind Sp\u00f3\u0142ka z o.o.","og_description":"Hermes to chipsowa odmiana sadzeniak\u00f3w ziemniaka. Charakteryzuje si\u0119 dobr\u0105 odporno\u015bci\u0105 na susz\u0119 i wysokim plonem.","og_url":"https:\/\/lind.com.pl\/index.php\/produkt\/hermes\/","og_site_name":"Lind Sp\u00f3\u0142ka z o.o.","article_modified_time":"2023-06-13T11:16:29+00:00","og_image":[{"width":1024,"height":768,"url":"https:\/\/lind.com.pl\/wp-content\/uploads\/2023\/05\/HERMES-1024x768.png","type":"image\/png"}],"twitter_card":"summary_large_image","twitter_misc":{"Szacowany czas czytania":"1 minuta"},"schema":{"@context":"https:\/\/schema.org","@graph":[{"@type":"WebPage","@id":"https:\/\/lind.com.pl\/index.php\/produkt\/hermes\/","url":"https:\/\/lind.com.pl\/index.php\/produkt\/hermes\/","name":"Hermes - Lind Sp\u00f3\u0142ka z o.o.","isPartOf":{"@id":"https:\/\/lind.com.pl\/#website"},"primaryImageOfPage":{"@id":"https:\/\/lind.com.pl\/index.php\/produkt\/hermes\/#primaryimage"},"image":{"@id":"https:\/\/lind.com.pl\/index.php\/produkt\/hermes\/#primaryimage"},"thumbnailUrl":"https:\/\/lind.com.pl\/wp-content\/uploads\/2023\/05\/HERMES.png","datePublished":"2023-06-01T08:13:21+00:00","dateModified":"2023-06-13T11:16:29+00:00","description":"Hermes to chipsowa odmiana sadzeniak\u00f3w ziemniaka. Charakteryzuje si\u0119 dobr\u0105 odporno\u015bci\u0105 na susz\u0119 i wysokim plonem.","breadcrumb":{"@id":"https:\/\/lind.com.pl\/index.php\/produkt\/hermes\/#breadcrumb"},"inLanguage":"pl-PL","potentialAction":[{"@type":"ReadAction","target":["https:\/\/lind.com.pl\/index.php\/produkt\/hermes\/"]}]},{"@type":"ImageObject","inLanguage":"pl-PL","@id":"https:\/\/lind.com.pl\/index.php\/produkt\/hermes\/#primaryimage","url":"https:\/\/lind.com.pl\/wp-content\/uploads\/2023\/05\/HERMES.png","contentUrl":"https:\/\/lind.com.pl\/wp-content\/uploads\/2023\/05\/HERMES.png","width":2000,"height":1500,"caption":"sadzeniaki ziemniaka hermes"},{"@type":"BreadcrumbList","@id":"https:\/\/lind.com.pl\/index.php\/produkt\/hermes\/#breadcrumb","itemListElement":[{"@type":"ListItem","position":1,"name":"Home","item":"https:\/\/lind.com.pl\/"},{"@type":"ListItem","position":2,"name":"Oferta","item":"https:\/\/lind.com.pl\/index.php\/sklep\/"},{"@type":"ListItem","position":3,"name":"Hermes"}]},{"@type":"WebSite","@id":"https:\/\/lind.com.pl\/#website","url":"https:\/\/lind.com.pl\/","name":"Lind Sp\u00f3\u0142ka z o.o.","description":"Producent sadzeniak\u00f3w ziemniaka","publisher":{"@id":"https:\/\/lind.com.pl\/#organization"},"potentialAction":[{"@type":"SearchAction","target":{"@type":"EntryPoint","urlTemplate":"https:\/\/lind.com.pl\/?s={search_term_string}"},"query-input":{"@type":"PropertyValueSpecification","valueRequired":true,"valueName":"search_term_string"}}],"inLanguage":"pl-PL"},{"@type":"Organization","@id":"https:\/\/lind.com.pl\/#organization","name":"Lind Sp\u00f3\u0142ka z o.o.","url":"https:\/\/lind.com.pl\/","logo":{"@type":"ImageObject","inLanguage":"pl-PL","@id":"https:\/\/lind.com.pl\/#\/schema\/logo\/image\/","url":"https:\/\/lind.com.pl\/wp-content\/uploads\/2023\/05\/sc-h-1010.png","contentUrl":"https:\/\/lind.com.pl\/wp-content\/uploads\/2023\/05\/sc-h-1010.png","width":2000,"height":1500,"caption":"Lind Sp\u00f3\u0142ka z o.o."},"image":{"@id":"https:\/\/lind.com.pl\/#\/schema\/logo\/image\/"}}]}},"_links":{"self":[{"href":"https:\/\/lind.com.pl\/index.php\/wp-json\/wp\/v2\/product\/183","targetHints":{"allow":["GET"]}}],"collection":[{"href":"https:\/\/lind.com.pl\/index.php\/wp-json\/wp\/v2\/product"}],"about":[{"href":"https:\/\/lind.com.pl\/index.php\/wp-json\/wp\/v2\/types\/product"}],"replies":[{"embeddable":true,"href":"https:\/\/lind.com.pl\/index.php\/wp-json\/wp\/v2\/comments?post=183"}],"wp:featuredmedia":[{"embeddable":true,"href":"https:\/\/lind.com.pl\/index.php\/wp-json\/wp\/v2\/media\/54"}],"wp:attachment":[{"href":"https:\/\/lind.com.pl\/index.php\/wp-json\/wp\/v2\/media?parent=183"}],"wp:term":[{"taxonomy":"product_brand","embeddable":true,"href":"https:\/\/lind.com.pl\/index.php\/wp-json\/wp\/v2\/product_brand?post=183"},{"taxonomy":"product_cat","embeddable":true,"href":"https:\/\/lind.com.pl\/index.php\/wp-json\/wp\/v2\/product_cat?post=183"},{"taxonomy":"product_tag","embeddable":true,"href":"https:\/\/lind.com.pl\/index.php\/wp-json\/wp\/v2\/product_tag?post=183"}],"curies":[{"name":"wp","href":"https:\/\/api.w.org\/{rel}","templated":true}]}}